{"id":2296,"date":"2024-05-16T12:28:27","date_gmt":"2024-05-16T12:28:27","guid":{"rendered":"https:\/\/jbc.al\/albanische-staatsbuergerschaft\/"},"modified":"2025-02-27T19:21:43","modified_gmt":"2025-02-27T19:21:43","slug":"albanische-staatsbuergerschaft","status":"publish","type":"page","link":"https:\/\/jbc.al\/de\/albanische-staatsbuergerschaft\/","title":{"rendered":"Albanische Staatsb\u00fcrgerschaft"},"content":{"rendered":"\t\t<div data-elementor-type=\"wp-page\" data-elementor-id=\"2296\" class=\"elementor elementor-2296\" data-elementor-post-type=\"page\">\n\t\t\t\t\t\t<section class=\"elementor-section elementor-top-section elementor-element elementor-element-8ff32be elementor-section-boxed elementor-section-height-default elementor-section-height-default\" data-id=\"8ff32be\" data-element_type=\"section\" data-e-type=\"section\">\n\t\t\t\t\t\t<div class=\"elementor-container elementor-column-gap-default\">\n\t\t\t\t\t<div class=\"elementor-column elementor-col-100 elementor-top-column elementor-element elementor-element-730c795\" data-id=\"730c795\" data-element_type=\"column\" data-e-type=\"column\">\n\t\t\t<div class=\"elementor-widget-wrap elementor-element-populated\">\n\t\t\t\t\t\t<div class=\"elementor-element elementor-element-bae70a5 elementor-widget__width-initial elementor-widget elementor-widget-image\" data-id=\"bae70a5\" data-element_type=\"widget\" data-e-type=\"widget\" data-widget_type=\"image.default\">\n\t\t\t\t\t\t\t\t\t\t\t\t\t\t\t<img fetchpriority=\"high\" decoding=\"async\" width=\"720\" height=\"405\" src=\"https:\/\/jbc.al\/wp-content\/uploads\/2024\/05\/Sergey-Shik-800x450-1.jpg\" class=\"attachment-large size-large wp-image-2007\" alt=\"Reisepass - Albanische Staatsangeh\u00f6rigkeit\" srcset=\"https:\/\/jbc.al\/wp-content\/uploads\/2024\/05\/Sergey-Shik-800x450-1.jpg 800w, https:\/\/jbc.al\/wp-content\/uploads\/2024\/05\/Sergey-Shik-800x450-1-300x169.jpg 300w, https:\/\/jbc.al\/wp-content\/uploads\/2024\/05\/Sergey-Shik-800x450-1-768x432.jpg 768w\" sizes=\"(max-width: 720px) 100vw, 720px\" \/>\t\t\t\t\t\t\t\t\t\t\t\t\t\t\t<\/div>\n\t\t\t\t<div class=\"elementor-element elementor-element-9c4279a elementor-widget elementor-widget-text-editor\" data-id=\"9c4279a\" data-element_type=\"widget\" data-e-type=\"widget\" data-widget_type=\"text-editor.default\">\n\t\t\t\t\t\t\t\t\t<p><span style=\"font-weight: 700; font-size: 1rem;\">F\u00fcr Personen, die die albanische Staatsb\u00fcrgerschaft erwerben m\u00f6chten, bieten wir Beratung und Unterst\u00fctzung w\u00e4hrend des gesamten Einb\u00fcrgerungsverfahrens. Unsere <\/span><span style=\"font-size: 1rem;\">\u00a0<\/span><span style=\"font-weight: 700;\"><span style=\"color: var( --e-global-color-text ); font-family: var( --e-global-typography-text-font-family ), Sans-serif; font-size: 1rem;\">erfahrenen Berater stellen sicher, dass Sie alle Zulassungskriterien erf\u00fcllen, und unterst\u00fctzen Sie bei der Zusammenstellung der erforderlichen Dokumente f\u00fcr den Antrag auf Staatsb\u00fcrgerschaft.<\/span><\/span><\/p><p>Die albanische Staatsb\u00fcrgerschaft kann auf verschiedene Weise erworben werden:<\/p><p>a) Durch Geburt;<\/p><p>b) Durch Abstammung: Personen mit albanischer Herkunft k\u00f6nnen die Staatsb\u00fcrgerschaft beantragen, indem sie famili\u00e4re Verbindungen nachweisen;<\/p><p>c)\u00a0<a href=\"https:\/\/jbc.al\/de\/nach-albanien-einwandern\/\">Durch Einb\u00fcrgerung<\/a>: Personen, die sich bis zu 7 Jahre in Albanien aufgehalten haben und die gesetzlichen Voraussetzungen erf\u00fcllen, k\u00f6nnen die Staatsangeh\u00f6rigkeit beantragen;<\/p><p>e) Durch Adoption;<\/p><p>f) Durch Eheschlie\u00dfung mit einem albanischen Staatsb\u00fcrger f\u00fcr einen Zeitraum von bis zu 3 Jahren, mit einem Mindestaufenthalt von einem Jahr in Albanien;<\/p><p>g) Durch ein minderj\u00e4hriges Kind, das albanischer Staatsb\u00fcrger ist, und einem ununterbrochenen Aufenthalt in Albanien von mindestens 3 Jahren;<\/p><p>h) Fl\u00fcchtlinge oder Personen unter komplement\u00e4rem Schutz, die bestimmte gesetzlich festgelegte Bedingungen erf\u00fcllen.<\/p><p>Zus\u00e4tzlich zu den herk\u00f6mmlichen Wegen zum Erwerb der albanischen Staatsb\u00fcrgerschaft gibt es auch Sonderf\u00e4lle, wenn die Republik Albanien ein nationales Interesse in den Bereichen Bildung, Wirtschaft, Wissenschaft, Kunst, Kultur und Sport hat.<\/p><p>Sollten Sie sich in einer dieser Situationen wiederfinden,\u00a0<a href=\"https:\/\/jbc.al\/contact\/\" target=\"_blank\" rel=\"noopener\">kontaktieren Sie uns<\/a>\u00a0und wir werden Ihnen bei der Zusammenstellung aller erforderlichen Dokumente f\u00fcr die Einleitung des Verfahrens behilflich sein.<\/p>\t\t\t\t\t\t\t\t<\/div>\n\t\t\t\t\t<\/div>\n\t\t<\/div>\n\t\t\t\t\t<\/div>\n\t\t<\/section>\n\t\t\t\t<\/div>\n\t\t","protected":false},"excerpt":{"rendered":"<p>F\u00fcr Personen, die die albanische Staatsb\u00fcrgerschaft erwerben m\u00f6chten, bieten wir Beratung und Unterst\u00fctzung w\u00e4hrend des gesamten Einb\u00fcrgerungsverfahrens. Unsere \u00a0erfahrenen Berater stellen sicher, dass Sie alle Zulassungskriterien erf\u00fcllen, und unterst\u00fctzen Sie bei der Zusammenstellung der erforderlichen Dokumente f\u00fcr den Antrag auf Staatsb\u00fcrgerschaft. Die albanische Staatsb\u00fcrgerschaft kann auf verschiedene Weise erworben werden: a) Durch Geburt; b) Durch Abstammung: Personen mit albanischer Herkunft [&hellip;]<\/p>\n","protected":false},"author":3,"featured_media":0,"parent":0,"menu_order":0,"comment_status":"closed","ping_status":"closed","template":"","meta":{"_seopress_robots_primary_cat":"0","_seopress_titles_title":"Albanische Staatsb\u00fcrgerschaft erlangen | JBC","_seopress_titles_desc":"Entdecken Sie die Wege zur albanischen Staatsb\u00fcrgerschaft mit JBC &amp; Associates. Wir f\u00fchren Sie durch die Einb\u00fcrgerung durch Abstammung, Naturalisation, Eheschlie\u00dfung und andere zul\u00e4ssige Wege und bieten Ihnen fachkundige Unterst\u00fctzung w\u00e4hrend des gesamten Antragsverfahrens.","_seopress_robots_index":"","_themeisle_gutenberg_block_has_review":false,"footnotes":""},"class_list":["post-2296","page","type-page","status-publish","hentry"],"_links":{"self":[{"href":"https:\/\/jbc.al\/de\/wp-json\/wp\/v2\/pages\/2296","targetHints":{"allow":["GET"]}}],"collection":[{"href":"https:\/\/jbc.al\/de\/wp-json\/wp\/v2\/pages"}],"about":[{"href":"https:\/\/jbc.al\/de\/wp-json\/wp\/v2\/types\/page"}],"author":[{"embeddable":true,"href":"https:\/\/jbc.al\/de\/wp-json\/wp\/v2\/users\/3"}],"replies":[{"embeddable":true,"href":"https:\/\/jbc.al\/de\/wp-json\/wp\/v2\/comments?post=2296"}],"version-history":[{"count":0,"href":"https:\/\/jbc.al\/de\/wp-json\/wp\/v2\/pages\/2296\/revisions"}],"wp:attachment":[{"href":"https:\/\/jbc.al\/de\/wp-json\/wp\/v2\/media?parent=2296"}],"curies":[{"name":"wp","href":"https:\/\/api.w.org\/{rel}","templated":true}]}}