{"id":2318,"date":"2024-11-09T09:28:32","date_gmt":"2024-11-09T09:28:32","guid":{"rendered":"https:\/\/jbc.al\/inkasso\/"},"modified":"2025-02-23T18:34:56","modified_gmt":"2025-02-23T18:34:56","slug":"inkasso","status":"publish","type":"page","link":"https:\/\/jbc.al\/de\/inkasso\/","title":{"rendered":"Inkasso in Albanien"},"content":{"rendered":"\t\t<div data-elementor-type=\"wp-page\" data-elementor-id=\"2318\" class=\"elementor elementor-2318\" data-elementor-post-type=\"page\">\n\t\t\t\t\t\t<section class=\"elementor-section elementor-top-section elementor-element elementor-element-35b1f0b elementor-section-boxed elementor-section-height-default elementor-section-height-default\" data-id=\"35b1f0b\" data-element_type=\"section\" data-e-type=\"section\">\n\t\t\t\t\t\t<div class=\"elementor-container elementor-column-gap-default\">\n\t\t\t\t\t<div class=\"elementor-column elementor-col-100 elementor-top-column elementor-element elementor-element-2f52395\" data-id=\"2f52395\" data-element_type=\"column\" data-e-type=\"column\">\n\t\t\t<div class=\"elementor-widget-wrap elementor-element-populated\">\n\t\t\t\t\t\t<div class=\"elementor-element elementor-element-3daa4d9 elementor-widget elementor-widget-text-editor\" data-id=\"3daa4d9\" data-element_type=\"widget\" data-e-type=\"widget\" data-widget_type=\"text-editor.default\">\n\t\t\t\t\t\t\t\t\t<p>Bei JBC  Associates verstehen wir die Herausforderungen, denen Unternehmen bei ausstehenden Forderungen gegen\u00fcberstehen. Unsere Inkassodienstleistungen in Albanien sind darauf ausgelegt, Unternehmen dabei zu unterst\u00fctzen, ihre Au\u00dfenst\u00e4nde schnell und effizient einzutreiben und gleichzeitig die Auswirkungen auf Ihren Gesch\u00e4ftsbetrieb zu minimieren. <\/p>\t\t\t\t\t\t\t\t<\/div>\n\t\t\t\t<section class=\"elementor-section elementor-inner-section elementor-element elementor-element-9d68a9a elementor-section-boxed elementor-section-height-default elementor-section-height-default\" data-id=\"9d68a9a\" data-element_type=\"section\" data-e-type=\"section\">\n\t\t\t\t\t\t<div class=\"elementor-container elementor-column-gap-default\">\n\t\t\t\t\t<div class=\"elementor-column elementor-col-50 elementor-inner-column elementor-element elementor-element-55e8515\" data-id=\"55e8515\" data-element_type=\"column\" data-e-type=\"column\">\n\t\t\t<div class=\"elementor-widget-wrap elementor-element-populated\">\n\t\t\t\t\t\t<div class=\"elementor-element elementor-element-039ec51 elementor-widget elementor-widget-text-editor\" data-id=\"039ec51\" data-element_type=\"widget\" data-e-type=\"widget\" data-widget_type=\"text-editor.default\">\n\t\t\t\t\t\t\t\t\t<p><strong>Vollstreckung von Gerichtsentscheidungen<\/strong><br>Das Erlangen einer g\u00fcnstigen Gerichtsentscheidung ist erst der Anfang. Wir unterst\u00fctzen bei der Vollstreckung, um die Einhaltung von Urteilen sicherzustellen, und nutzen alle verf\u00fcgbaren rechtlichen Wege, um eine erfolgreiche Forderungseintreibung zu gew\u00e4hrleisten. <\/p><p><strong>Internationales Inkasso<\/strong><br>F\u00fcr grenz\u00fcberschreitende Forderungen arbeiten wir mit unserem Netzwerk von <a href=\"https:\/\/www.debitura.com\/\" target=\"_blank\" rel=\"noopener\">internationalen Rechtspartnern<\/a> zusammen. Dies gew\u00e4hrleistet effektive Inkassopraktiken im Ausland, angepasst an die rechtlichen Standards und Praktiken jeder Jurisdiktion.<\/p><p>Wenn Sie Unterst\u00fctzung beim Inkasso in Albanien ben\u00f6tigen, <a href=\"https:\/\/jbc.al\/contact\/\">kontaktieren Sie uns<\/a> noch heute. Unser Team steht bereit, um Ihren Fall zu evaluieren und gemeinsam auf eine erfolgreiche Beitreibung hinzuarbeiten. <\/p>\t\t\t\t\t\t\t\t<\/div>\n\t\t\t\t\t<\/div>\n\t\t<\/div>\n\t\t\t\t<div class=\"elementor-column elementor-col-50 elementor-inner-column elementor-element elementor-element-aded8bd\" data-id=\"aded8bd\" data-element_type=\"column\" data-e-type=\"column\">\n\t\t\t<div class=\"elementor-widget-wrap elementor-element-populated\">\n\t\t\t\t\t\t<div class=\"elementor-element elementor-element-59a7ccc elementor-widget elementor-widget-image\" data-id=\"59a7ccc\" data-element_type=\"widget\" data-e-type=\"widget\" data-widget_type=\"image.default\">\n\t\t\t\t\t\t\t\t\t\t\t\t\t\t\t<img fetchpriority=\"high\" decoding=\"async\" width=\"420\" height=\"300\" src=\"https:\/\/jbc.al\/wp-content\/uploads\/2024\/11\/debt_collection-q8mymtec0u037ehaujgjdco90ka1zcl7x8kit03go8-420x300.jpg\" class=\"attachment-bosa-420-300 size-bosa-420-300 wp-image-2109\" alt=\"Inkasso in Albanien\" \/>\t\t\t\t\t\t\t\t\t\t\t\t\t\t\t<\/div>\n\t\t\t\t<div class=\"elementor-element elementor-element-6d842d1 elementor-widget elementor-widget-text-editor\" data-id=\"6d842d1\" data-element_type=\"widget\" data-e-type=\"widget\" data-widget_type=\"text-editor.default\">\n\t\t\t\t\t\t\t\t\t<p><strong>Rechtliche Beurteilung<\/strong><br>Unser Team beginnt mit einer detaillierten Analyse Ihres Inkassofalls, wobei alle relevanten rechtlichen und finanziellen Aspekte untersucht werden. Diese Beurteilung erm\u00f6glicht es uns, die effektivsten und praktikabelsten Optionen f\u00fcr die Beitreibung zu identifizieren, die spezifisch auf Ihre Situation zugeschnitten sind<em>.<\/em> <\/p><p><strong>Verhandlungen und Vergleiche<\/strong><br>Wir bem\u00fchen uns, Angelegenheiten z\u00fcgig und einvernehmlich zu l\u00f6sen, indem wir direkt mit Schuldnern in Kontakt treten, um vorteilhafte Vergleiche auszuhandeln. Unser Team bringt Expertise in der Findung von Win-Win-L\u00f6sungen ein, die es Ihnen oft erm\u00f6glichen, Forderungen ohne Gerichtsverfahren einzutreiben. Durch die Priorisierung von Verhandlungen zielen wir darauf ab, Kosten und Zeit zu reduzieren und gleichzeitig wertvolle Gesch\u00e4ftsbeziehungen aufrechtzuerhalten.  <\/p><p><strong>Rechtliche Verfahren<\/strong><br>In F\u00e4llen, in denen Verhandlungen nicht zum gew\u00fcnschten Ergebnis f\u00fchren, leiten wir Gerichtsverfahren ein, um Ihre Rechte zu sch\u00fctzen und Ihre Anspr\u00fcche durchzusetzen. Unser Team ist erfahren im Umgang mit den Komplexit\u00e4ten von forderungsbezogenen Rechtsstreitigkeiten und gew\u00e4hrleistet eine starke Vertretung w\u00e4hrend des gesamten Prozesses. <\/p>\t\t\t\t\t\t\t\t<\/div>\n\t\t\t\t\t<\/div>\n\t\t<\/div>\n\t\t\t\t\t<\/div>\n\t\t<\/section>\n\t\t\t\t\t<\/div>\n\t\t<\/div>\n\t\t\t\t\t<\/div>\n\t\t<\/section>\n\t\t\t\t<section class=\"elementor-section elementor-top-section elementor-element elementor-element-a66c0e5 elementor-section-boxed elementor-section-height-default elementor-section-height-default\" data-id=\"a66c0e5\" data-element_type=\"section\" data-e-type=\"section\">\n\t\t\t\t\t\t<div class=\"elementor-container elementor-column-gap-default\">\n\t\t\t\t\t<div class=\"elementor-column elementor-col-100 elementor-top-column elementor-element elementor-element-cd0f8a2\" data-id=\"cd0f8a2\" data-element_type=\"column\" data-e-type=\"column\">\n\t\t\t<div class=\"elementor-widget-wrap\">\n\t\t\t\t\t\t\t<\/div>\n\t\t<\/div>\n\t\t\t\t\t<\/div>\n\t\t<\/section>\n\t\t\t\t<\/div>\n\t\t","protected":false},"excerpt":{"rendered":"<p>Bei JBC Associates verstehen wir die Herausforderungen, denen Unternehmen bei ausstehenden Forderungen gegen\u00fcberstehen. Unsere Inkassodienstleistungen in Albanien sind darauf ausgelegt, Unternehmen dabei zu unterst\u00fctzen, ihre Au\u00dfenst\u00e4nde schnell und effizient einzutreiben und gleichzeitig die Auswirkungen auf Ihren Gesch\u00e4ftsbetrieb zu minimieren. Vollstreckung von GerichtsentscheidungenDas Erlangen einer g\u00fcnstigen Gerichtsentscheidung ist erst der Anfang. Wir unterst\u00fctzen bei der Vollstreckung, um die Einhaltung von Urteilen [&hellip;]<\/p>\n","protected":false},"author":3,"featured_media":2106,"parent":0,"menu_order":0,"comment_status":"closed","ping_status":"closed","template":"","meta":{"_seopress_robots_primary_cat":"0","_seopress_titles_title":"Inkassodienstleistungen in Albanien","_seopress_titles_desc":"Treiben Sie unbezahlte Forderungen in ganz Albanien mit den Inkassodienstleistungen von JBC Associates ein. Unser qualifiziertes Team ist spezialisiert auf rechtliche Ma\u00dfnahmen, Verhandlungen und internationales Inkasso, um erfolgreiche Ergebnisse f\u00fcr Ihr Unternehmen sicherzustellen.","_seopress_robots_index":"","_themeisle_gutenberg_block_has_review":false,"footnotes":""},"class_list":["post-2318","page","type-page","status-publish","has-post-thumbnail","hentry"],"_links":{"self":[{"href":"https:\/\/jbc.al\/de\/wp-json\/wp\/v2\/pages\/2318","targetHints":{"allow":["GET"]}}],"collection":[{"href":"https:\/\/jbc.al\/de\/wp-json\/wp\/v2\/pages"}],"about":[{"href":"https:\/\/jbc.al\/de\/wp-json\/wp\/v2\/types\/page"}],"author":[{"embeddable":true,"href":"https:\/\/jbc.al\/de\/wp-json\/wp\/v2\/users\/3"}],"replies":[{"embeddable":true,"href":"https:\/\/jbc.al\/de\/wp-json\/wp\/v2\/comments?post=2318"}],"version-history":[{"count":0,"href":"https:\/\/jbc.al\/de\/wp-json\/wp\/v2\/pages\/2318\/revisions"}],"wp:featuredmedia":[{"embeddable":true,"href":"https:\/\/jbc.al\/de\/wp-json\/wp\/v2\/media\/2106"}],"wp:attachment":[{"href":"https:\/\/jbc.al\/de\/wp-json\/wp\/v2\/media?parent=2318"}],"curies":[{"name":"wp","href":"https:\/\/api.w.org\/{rel}","templated":true}]}}